{"id":46,"date":"2023-12-11T13:17:23","date_gmt":"2023-12-11T16:17:23","guid":{"rendered":"https:\/\/abbabrasil.org.br\/?page_id=46"},"modified":"2024-07-17T16:23:49","modified_gmt":"2024-07-17T19:23:49","slug":"sobre","status":"publish","type":"page","link":"https:\/\/abbabrasil.org.br\/en\/sobre\/","title":{"rendered":"About"},"content":{"rendered":"","protected":false},"excerpt":{"rendered":"","protected":false},"author":1,"featured_media":0,"parent":0,"menu_order":0,"comment_status":"closed","ping_status":"closed","template":"","meta":{"_acf_changed":false,"footnotes":""},"class_list":["post-46","page","type-page","status-publish","hentry"],"acf":[],"yoast_head":"<!-- This site is optimized with the Yoast SEO plugin v27.3 - https:\/\/yoast.com\/product\/yoast-seo-wordpress\/ -->\n<title>Sobre | ABBA Brasil<\/title>\n<meta name=\"description\" content=\"Saiba mais sobre a ABBA Brasil, uma organiza\u00e7\u00e3o dedicada a transformar vidas atrav\u00e9s de projetos sociais e educacionais.\" \/>\n<meta name=\"robots\" content=\"index, follow, max-snippet:-1, max-image-preview:large, max-video-preview:-1\" \/>\n<link rel=\"canonical\" href=\"https:\/\/abbabrasil.org.br\/en\/sobre\/\" \/>\n<meta property=\"og:locale\" content=\"en_US\" \/>\n<meta property=\"og:type\" content=\"article\" \/>\n<meta property=\"og:title\" content=\"Sobre | ABBA Brasil\" \/>\n<meta property=\"og:description\" content=\"Saiba mais sobre a ABBA Brasil, uma organiza\u00e7\u00e3o dedicada a transformar vidas atrav\u00e9s de projetos sociais e educacionais.\" \/>\n<meta property=\"og:url\" content=\"https:\/\/abbabrasil.org.br\/en\/sobre\/\" \/>\n<meta property=\"og:site_name\" content=\"ABBA Brasil\" \/>\n<meta property=\"article:publisher\" content=\"https:\/\/www.facebook.com\/AssociacaoBrasileiraBeneficenteAslan\" \/>\n<meta property=\"article:modified_time\" content=\"2024-07-17T19:23:49+00:00\" \/>\n<meta property=\"og:image\" content=\"https:\/\/abbabrasil.org.br\/wp-content\/uploads\/2024\/12\/imagem-do-site.webp\" \/>\n\t<meta property=\"og:image:width\" content=\"1280\" \/>\n\t<meta property=\"og:image:height\" content=\"675\" \/>\n\t<meta property=\"og:image:type\" content=\"image\/webp\" \/>\n<meta name=\"twitter:card\" content=\"summary_large_image\" \/>\n<meta name=\"twitter:label1\" content=\"Est. reading time\" \/>\n\t<meta name=\"twitter:data1\" content=\"12 minutes\" \/>\n<script type=\"application\/ld+json\" class=\"yoast-schema-graph\">{\"@context\":\"https:\\\/\\\/schema.org\",\"@graph\":[{\"@type\":\"WebPage\",\"@id\":\"https:\\\/\\\/abbabrasil.org.br\\\/en\\\/sobre\\\/\",\"url\":\"https:\\\/\\\/abbabrasil.org.br\\\/en\\\/sobre\\\/\",\"name\":\"Sobre | ABBA Brasil\",\"isPartOf\":{\"@id\":\"https:\\\/\\\/abbabrasil.org.br\\\/en\\\/#website\"},\"datePublished\":\"2023-12-11T16:17:23+00:00\",\"dateModified\":\"2024-07-17T19:23:49+00:00\",\"description\":\"Saiba mais sobre a ABBA Brasil, uma organiza\u00e7\u00e3o dedicada a transformar vidas atrav\u00e9s de projetos sociais e educacionais.\",\"breadcrumb\":{\"@id\":\"https:\\\/\\\/abbabrasil.org.br\\\/en\\\/sobre\\\/#breadcrumb\"},\"inLanguage\":\"en-US\",\"potentialAction\":[{\"@type\":\"ReadAction\",\"target\":[\"https:\\\/\\\/abbabrasil.org.br\\\/en\\\/sobre\\\/\"]}]},{\"@type\":\"BreadcrumbList\",\"@id\":\"https:\\\/\\\/abbabrasil.org.br\\\/en\\\/sobre\\\/#breadcrumb\",\"itemListElement\":[{\"@type\":\"ListItem\",\"position\":1,\"name\":\"In\u00edcio\",\"item\":\"https:\\\/\\\/abbabrasil.org.br\\\/\"},{\"@type\":\"ListItem\",\"position\":2,\"name\":\"Sobre\"}]},{\"@type\":\"WebSite\",\"@id\":\"https:\\\/\\\/abbabrasil.org.br\\\/en\\\/#website\",\"url\":\"https:\\\/\\\/abbabrasil.org.br\\\/en\\\/\",\"name\":\"Abba Brasil\",\"description\":\"Servindo crian\u00e7as, adolescentes e jovens\",\"publisher\":{\"@id\":\"https:\\\/\\\/abbabrasil.org.br\\\/en\\\/#organization\"},\"alternateName\":\"Abba\",\"potentialAction\":[{\"@type\":\"SearchAction\",\"target\":{\"@type\":\"EntryPoint\",\"urlTemplate\":\"https:\\\/\\\/abbabrasil.org.br\\\/en\\\/?s={search_term_string}\"},\"query-input\":{\"@type\":\"PropertyValueSpecification\",\"valueRequired\":true,\"valueName\":\"search_term_string\"}}],\"inLanguage\":\"en-US\"},{\"@type\":\"Organization\",\"@id\":\"https:\\\/\\\/abbabrasil.org.br\\\/en\\\/#organization\",\"name\":\"Abba\",\"alternateName\":\"Abba\",\"url\":\"https:\\\/\\\/abbabrasil.org.br\\\/en\\\/\",\"logo\":{\"@type\":\"ImageObject\",\"inLanguage\":\"en-US\",\"@id\":\"https:\\\/\\\/abbabrasil.org.br\\\/en\\\/#\\\/schema\\\/logo\\\/image\\\/\",\"url\":\"https:\\\/\\\/abbabrasil.org.br\\\/wp-content\\\/uploads\\\/2023\\\/11\\\/cropped-favicon-abba.webp\",\"contentUrl\":\"https:\\\/\\\/abbabrasil.org.br\\\/wp-content\\\/uploads\\\/2023\\\/11\\\/cropped-favicon-abba.webp\",\"width\":512,\"height\":512,\"caption\":\"Abba\"},\"image\":{\"@id\":\"https:\\\/\\\/abbabrasil.org.br\\\/en\\\/#\\\/schema\\\/logo\\\/image\\\/\"},\"sameAs\":[\"https:\\\/\\\/www.facebook.com\\\/AssociacaoBrasileiraBeneficenteAslan\",\"https:\\\/\\\/www.instagram.com\\\/abba.brasil\\\/\"]}]}<\/script>\n<!-- \/ Yoast SEO plugin. -->","yoast_head_json":{"title":"Sobre | ABBA Brasil","description":"Saiba mais sobre a ABBA Brasil, uma organiza\u00e7\u00e3o dedicada a transformar vidas atrav\u00e9s de projetos sociais e educacionais.","robots":{"index":"index","follow":"follow","max-snippet":"max-snippet:-1","max-image-preview":"max-image-preview:large","max-video-preview":"max-video-preview:-1"},"canonical":"https:\/\/abbabrasil.org.br\/en\/sobre\/","og_locale":"en_US","og_type":"article","og_title":"Sobre | ABBA Brasil","og_description":"Saiba mais sobre a ABBA Brasil, uma organiza\u00e7\u00e3o dedicada a transformar vidas atrav\u00e9s de projetos sociais e educacionais.","og_url":"https:\/\/abbabrasil.org.br\/en\/sobre\/","og_site_name":"ABBA Brasil","article_publisher":"https:\/\/www.facebook.com\/AssociacaoBrasileiraBeneficenteAslan","article_modified_time":"2024-07-17T19:23:49+00:00","og_image":[{"width":1280,"height":675,"url":"https:\/\/abbabrasil.org.br\/wp-content\/uploads\/2024\/12\/imagem-do-site.webp","type":"image\/webp"}],"twitter_card":"summary_large_image","twitter_misc":{"Est. reading time":"12 minutes"},"schema":{"@context":"https:\/\/schema.org","@graph":[{"@type":"WebPage","@id":"https:\/\/abbabrasil.org.br\/en\/sobre\/","url":"https:\/\/abbabrasil.org.br\/en\/sobre\/","name":"Sobre | ABBA Brasil","isPartOf":{"@id":"https:\/\/abbabrasil.org.br\/en\/#website"},"datePublished":"2023-12-11T16:17:23+00:00","dateModified":"2024-07-17T19:23:49+00:00","description":"Saiba mais sobre a ABBA Brasil, uma organiza\u00e7\u00e3o dedicada a transformar vidas atrav\u00e9s de projetos sociais e educacionais.","breadcrumb":{"@id":"https:\/\/abbabrasil.org.br\/en\/sobre\/#breadcrumb"},"inLanguage":"en-US","potentialAction":[{"@type":"ReadAction","target":["https:\/\/abbabrasil.org.br\/en\/sobre\/"]}]},{"@type":"BreadcrumbList","@id":"https:\/\/abbabrasil.org.br\/en\/sobre\/#breadcrumb","itemListElement":[{"@type":"ListItem","position":1,"name":"In\u00edcio","item":"https:\/\/abbabrasil.org.br\/"},{"@type":"ListItem","position":2,"name":"Sobre"}]},{"@type":"WebSite","@id":"https:\/\/abbabrasil.org.br\/en\/#website","url":"https:\/\/abbabrasil.org.br\/en\/","name":"Abba Brasil","description":"Servindo crian\u00e7as, adolescentes e jovens","publisher":{"@id":"https:\/\/abbabrasil.org.br\/en\/#organization"},"alternateName":"Abba","potentialAction":[{"@type":"SearchAction","target":{"@type":"EntryPoint","urlTemplate":"https:\/\/abbabrasil.org.br\/en\/?s={search_term_string}"},"query-input":{"@type":"PropertyValueSpecification","valueRequired":true,"valueName":"search_term_string"}}],"inLanguage":"en-US"},{"@type":"Organization","@id":"https:\/\/abbabrasil.org.br\/en\/#organization","name":"Abba","alternateName":"Abba","url":"https:\/\/abbabrasil.org.br\/en\/","logo":{"@type":"ImageObject","inLanguage":"en-US","@id":"https:\/\/abbabrasil.org.br\/en\/#\/schema\/logo\/image\/","url":"https:\/\/abbabrasil.org.br\/wp-content\/uploads\/2023\/11\/cropped-favicon-abba.webp","contentUrl":"https:\/\/abbabrasil.org.br\/wp-content\/uploads\/2023\/11\/cropped-favicon-abba.webp","width":512,"height":512,"caption":"Abba"},"image":{"@id":"https:\/\/abbabrasil.org.br\/en\/#\/schema\/logo\/image\/"},"sameAs":["https:\/\/www.facebook.com\/AssociacaoBrasileiraBeneficenteAslan","https:\/\/www.instagram.com\/abba.brasil\/"]}]}},"_links":{"self":[{"href":"https:\/\/abbabrasil.org.br\/en\/wp-json\/wp\/v2\/pages\/46","targetHints":{"allow":["GET"]}}],"collection":[{"href":"https:\/\/abbabrasil.org.br\/en\/wp-json\/wp\/v2\/pages"}],"about":[{"href":"https:\/\/abbabrasil.org.br\/en\/wp-json\/wp\/v2\/types\/page"}],"author":[{"embeddable":true,"href":"https:\/\/abbabrasil.org.br\/en\/wp-json\/wp\/v2\/users\/1"}],"replies":[{"embeddable":true,"href":"https:\/\/abbabrasil.org.br\/en\/wp-json\/wp\/v2\/comments?post=46"}],"version-history":[{"count":0,"href":"https:\/\/abbabrasil.org.br\/en\/wp-json\/wp\/v2\/pages\/46\/revisions"}],"wp:attachment":[{"href":"https:\/\/abbabrasil.org.br\/en\/wp-json\/wp\/v2\/media?parent=46"}],"curies":[{"name":"wp","href":"https:\/\/api.w.org\/{rel}","templated":true}]}}