{"id":2044,"date":"2023-12-29T12:10:33","date_gmt":"2023-12-29T15:10:33","guid":{"rendered":"https:\/\/abbabrasil.org.br\/?page_id=2044"},"modified":"2024-07-18T13:05:35","modified_gmt":"2024-07-18T16:05:35","slug":"comunicado-sobre-adequacao-a-lei-geral-de-protecao-de-dados-pessoais-lgpd","status":"publish","type":"page","link":"https:\/\/abbabrasil.org.br\/en\/comunicado-sobre-adequacao-a-lei-geral-de-protecao-de-dados-pessoais-lgpd\/","title":{"rendered":"COMUNICADO SOBRE ADEQUA\u00c7\u00c3O \u00c0 LEI GERAL DE PROTE\u00c7\u00c3O DE DADOS PESSOAIS (LGPD)"},"content":{"rendered":"<h1 class=\"has-text-align-center\" style=\"font-size: 39px; font-style: normal; font-weight: bold; text-decoration: underline;\">COMUNICADO SOBRE ADEQUA\u00c7\u00c3O \u00c0 LEI GERAL DE PROTE\u00c7\u00c3O DE DADOS PESSOAIS (LGPD)<\/h1>\r\n\r\n\r\n\r\n<p>Prezados clientes, colaboradores, fornecedores e parceiros, desde setembro de 2020 est\u00e1 em vig\u00eancia a Lei Geral de Prote\u00e7\u00e3o de Dados Pessoais, n\u00ba 13.709\/2018, conhecida como \u201cLGPD\u201d.<\/p>\r\n\r\n\r\n\r\n<p>Essa lei possui como fundamento a dignidade e prote\u00e7\u00e3o aos direitos fundamentais de liberdade e privacidade das pessoas f\u00edsicas.<\/p>\r\n\r\n\r\n\r\n<p>A <strong>ABBA <\/strong>est\u00e1 consciente das mudan\u00e7as que essa nova lei estabelece, e tem procurado atend\u00ea-las de acordo com as boas pr\u00e1ticas de mercado, al\u00e9m de aguardar a defini\u00e7\u00e3o de alguns pontos da lei que demandam regulamenta\u00e7\u00e3o pelas autoridades.<\/p>\r\n\r\n\r\n\r\n<p>Por meio do nosso Programa de Adequa\u00e7\u00e3o \u00e0 Lei Geral de Prote\u00e7\u00e3o de Dados estamos seguindo as premissas legais para a consolida\u00e7\u00e3o de uma governan\u00e7a mais segura e centrada na privacidade de dados.<\/p>\r\n\r\n\r\n\r\n<p>A <strong>ABBA<\/strong> est\u00e1 realizando ajustes nos procedimentos de tratamento dos dados pessoais desde a coleta at\u00e9 sua elimina\u00e7\u00e3o, al\u00e9m da implementa\u00e7\u00e3o de pol\u00edticas internas e adequa\u00e7\u00f5es nos contratos com os nossos clientes, parceiros, terceiros e colaboradores.<\/p>\r\n\r\n\r\n\r\n<p>Entendemos que estar em conformidade com a LGPD \u00e9 uma jornada cont\u00ednua que envolve a ado\u00e7\u00e3o de processos e procedimentos internos e ressaltamos o nosso cumprimento a esses esfor\u00e7os t\u00e3o necess\u00e1rios.<\/p>\r\n\r\n\r\n\r\n<p>Essas medidas significam tamb\u00e9m um passo importante no aprimoramento dos nossos servi\u00e7os, no intuito de sempre oferecer maior efici\u00eancia nas rela\u00e7\u00f5es com nossos usu\u00e1rios, clientes, colaboradores, fornecedores, parceiros e demais interessados.<\/p>\r\n\r\n\r\n\r\n<p>Contamos com a costumeira aten\u00e7\u00e3o de todos, visto que essas medidas est\u00e3o sendo cada vez mais exigidas pelo mercado nacional e internacional.<\/p>\r\n\r\n\r\n\r\n<p>A <strong>ABBA <\/strong>aproveita essa oportunidade para reafirmar seu compromisso com o respeito aos direitos de privacidade e de prote\u00e7\u00e3o de dados pessoais, e sua dire\u00e7\u00e3o estrat\u00e9gica de prestigiar o cumprimento dessa lei, que marca uma nova fase na rela\u00e7\u00e3o entre as pessoas e as organiza\u00e7\u00f5es.<\/p>\r\n\r\n\r\n\r\n<p>Em caso de d\u00favidas, requerimentos ou mais informa\u00e7\u00f5es sobre a \u201cLGPD\u201d entre em contato com nosso Encarregado de Prote\u00e7\u00e3o de Dados\/<em>Data Protection Officer (DPO):<\/em> pelo e-mail: <a href=\"mailto:dpo@abbabrasil.org.br\">dpo@abbabrasil.org.br<\/a> ou consulte nossa Pol\u00edtica de Privacidade, dispon\u00edvel em <a href=\"https:\/\/abbabrasil.org.br\/en\/politica-de-privacidade\/\">https:\/\/abbabrasil.org.br\/politica-de-privacidade<\/a>.<\/p>\r\n\r\n\r\n<hr class=\"wp-block-separator has-alpha-channel-opacity\" \/>\r\n\r\n\r\n<p class=\"has-text-align-center\"><strong>Associa\u00e7\u00e3o Brasileira Beneficente Aslan (ABBA)<\/strong><\/p>\r\n\r\n\r\n\r\n<p class=\"has-text-align-center\"><strong>CNPJ: 59.641.340\/0001-44<\/strong><\/p>","protected":false},"excerpt":{"rendered":"<p>COMUNICADO SOBRE ADEQUA\u00c7\u00c3O \u00c0 LEI GERAL DE PROTE\u00c7\u00c3O DE DADOS PESSOAIS (LGPD) Prezados clientes, colaboradores, fornecedores e parceiros, desde setembro [&hellip;]<\/p>\n","protected":false},"author":1,"featured_media":0,"parent":0,"menu_order":0,"comment_status":"closed","ping_status":"closed","template":"","meta":{"_acf_changed":false,"footnotes":""},"class_list":["post-2044","page","type-page","status-publish","hentry"],"acf":[],"yoast_head":"<!-- This site is optimized with the Yoast SEO plugin v27.3 - https:\/\/yoast.com\/product\/yoast-seo-wordpress\/ -->\n<title>COMUNICADO SOBRE ADEQUA\u00c7\u00c3O \u00c0 LEI GERAL DE PROTE\u00c7\u00c3O DE DADOS PESSOAIS (LGPD) | ABBA Brasil<\/title>\n<meta name=\"description\" content=\"Leia o comunicado da ABBA Brasil sobre a adequa\u00e7\u00e3o \u00e0 Lei Geral de Prote\u00e7\u00e3o de Dados Pessoais (LGPD) e fique informado.\" \/>\n<meta name=\"robots\" content=\"index, follow, max-snippet:-1, max-image-preview:large, max-video-preview:-1\" \/>\n<link rel=\"canonical\" href=\"https:\/\/abbabrasil.org.br\/en\/comunicado-sobre-adequacao-a-lei-geral-de-protecao-de-dados-pessoais-lgpd\/\" \/>\n<meta property=\"og:locale\" content=\"en_US\" \/>\n<meta property=\"og:type\" content=\"article\" \/>\n<meta property=\"og:title\" content=\"COMUNICADO SOBRE ADEQUA\u00c7\u00c3O \u00c0 LEI GERAL DE PROTE\u00c7\u00c3O DE DADOS PESSOAIS (LGPD) | ABBA Brasil\" \/>\n<meta property=\"og:description\" content=\"Leia o comunicado da ABBA Brasil sobre a adequa\u00e7\u00e3o \u00e0 Lei Geral de Prote\u00e7\u00e3o de Dados Pessoais (LGPD) e fique informado.\" \/>\n<meta property=\"og:url\" content=\"https:\/\/abbabrasil.org.br\/en\/comunicado-sobre-adequacao-a-lei-geral-de-protecao-de-dados-pessoais-lgpd\/\" \/>\n<meta property=\"og:site_name\" content=\"ABBA Brasil\" \/>\n<meta property=\"article:publisher\" content=\"https:\/\/www.facebook.com\/AssociacaoBrasileiraBeneficenteAslan\" \/>\n<meta property=\"article:modified_time\" content=\"2024-07-18T16:05:35+00:00\" \/>\n<meta property=\"og:image\" content=\"https:\/\/abbabrasil.org.br\/wp-content\/uploads\/2024\/12\/imagem-do-site.webp\" \/>\n\t<meta property=\"og:image:width\" content=\"1280\" \/>\n\t<meta property=\"og:image:height\" content=\"675\" \/>\n\t<meta property=\"og:image:type\" content=\"image\/webp\" \/>\n<meta name=\"twitter:card\" content=\"summary_large_image\" \/>\n<meta name=\"twitter:label1\" content=\"Est. reading time\" \/>\n\t<meta name=\"twitter:data1\" content=\"2 minutes\" \/>\n<script type=\"application\/ld+json\" class=\"yoast-schema-graph\">{\"@context\":\"https:\\\/\\\/schema.org\",\"@graph\":[{\"@type\":\"WebPage\",\"@id\":\"https:\\\/\\\/abbabrasil.org.br\\\/en\\\/comunicado-sobre-adequacao-a-lei-geral-de-protecao-de-dados-pessoais-lgpd\\\/\",\"url\":\"https:\\\/\\\/abbabrasil.org.br\\\/en\\\/comunicado-sobre-adequacao-a-lei-geral-de-protecao-de-dados-pessoais-lgpd\\\/\",\"name\":\"COMUNICADO SOBRE ADEQUA\u00c7\u00c3O \u00c0 LEI GERAL DE PROTE\u00c7\u00c3O DE DADOS PESSOAIS (LGPD) | ABBA Brasil\",\"isPartOf\":{\"@id\":\"https:\\\/\\\/abbabrasil.org.br\\\/en\\\/#website\"},\"datePublished\":\"2023-12-29T15:10:33+00:00\",\"dateModified\":\"2024-07-18T16:05:35+00:00\",\"description\":\"Leia o comunicado da ABBA Brasil sobre a adequa\u00e7\u00e3o \u00e0 Lei Geral de Prote\u00e7\u00e3o de Dados Pessoais (LGPD) e fique informado.\",\"breadcrumb\":{\"@id\":\"https:\\\/\\\/abbabrasil.org.br\\\/en\\\/comunicado-sobre-adequacao-a-lei-geral-de-protecao-de-dados-pessoais-lgpd\\\/#breadcrumb\"},\"inLanguage\":\"en-US\",\"potentialAction\":[{\"@type\":\"ReadAction\",\"target\":[\"https:\\\/\\\/abbabrasil.org.br\\\/en\\\/comunicado-sobre-adequacao-a-lei-geral-de-protecao-de-dados-pessoais-lgpd\\\/\"]}]},{\"@type\":\"BreadcrumbList\",\"@id\":\"https:\\\/\\\/abbabrasil.org.br\\\/en\\\/comunicado-sobre-adequacao-a-lei-geral-de-protecao-de-dados-pessoais-lgpd\\\/#breadcrumb\",\"itemListElement\":[{\"@type\":\"ListItem\",\"position\":1,\"name\":\"In\u00edcio\",\"item\":\"https:\\\/\\\/abbabrasil.org.br\\\/\"},{\"@type\":\"ListItem\",\"position\":2,\"name\":\"COMUNICADO SOBRE ADEQUA\u00c7\u00c3O \u00c0 LEI GERAL DE PROTE\u00c7\u00c3O DE DADOS PESSOAIS (LGPD)\"}]},{\"@type\":\"WebSite\",\"@id\":\"https:\\\/\\\/abbabrasil.org.br\\\/en\\\/#website\",\"url\":\"https:\\\/\\\/abbabrasil.org.br\\\/en\\\/\",\"name\":\"Abba Brasil\",\"description\":\"Servindo crian\u00e7as, adolescentes e jovens\",\"publisher\":{\"@id\":\"https:\\\/\\\/abbabrasil.org.br\\\/en\\\/#organization\"},\"alternateName\":\"Abba\",\"potentialAction\":[{\"@type\":\"SearchAction\",\"target\":{\"@type\":\"EntryPoint\",\"urlTemplate\":\"https:\\\/\\\/abbabrasil.org.br\\\/en\\\/?s={search_term_string}\"},\"query-input\":{\"@type\":\"PropertyValueSpecification\",\"valueRequired\":true,\"valueName\":\"search_term_string\"}}],\"inLanguage\":\"en-US\"},{\"@type\":\"Organization\",\"@id\":\"https:\\\/\\\/abbabrasil.org.br\\\/en\\\/#organization\",\"name\":\"Abba\",\"alternateName\":\"Abba\",\"url\":\"https:\\\/\\\/abbabrasil.org.br\\\/en\\\/\",\"logo\":{\"@type\":\"ImageObject\",\"inLanguage\":\"en-US\",\"@id\":\"https:\\\/\\\/abbabrasil.org.br\\\/en\\\/#\\\/schema\\\/logo\\\/image\\\/\",\"url\":\"https:\\\/\\\/abbabrasil.org.br\\\/wp-content\\\/uploads\\\/2023\\\/11\\\/cropped-favicon-abba.webp\",\"contentUrl\":\"https:\\\/\\\/abbabrasil.org.br\\\/wp-content\\\/uploads\\\/2023\\\/11\\\/cropped-favicon-abba.webp\",\"width\":512,\"height\":512,\"caption\":\"Abba\"},\"image\":{\"@id\":\"https:\\\/\\\/abbabrasil.org.br\\\/en\\\/#\\\/schema\\\/logo\\\/image\\\/\"},\"sameAs\":[\"https:\\\/\\\/www.facebook.com\\\/AssociacaoBrasileiraBeneficenteAslan\",\"https:\\\/\\\/www.instagram.com\\\/abba.brasil\\\/\"]}]}<\/script>\n<!-- \/ Yoast SEO plugin. -->","yoast_head_json":{"title":"COMUNICADO SOBRE ADEQUA\u00c7\u00c3O \u00c0 LEI GERAL DE PROTE\u00c7\u00c3O DE DADOS PESSOAIS (LGPD) | ABBA Brasil","description":"Leia o comunicado da ABBA Brasil sobre a adequa\u00e7\u00e3o \u00e0 Lei Geral de Prote\u00e7\u00e3o de Dados Pessoais (LGPD) e fique informado.","robots":{"index":"index","follow":"follow","max-snippet":"max-snippet:-1","max-image-preview":"max-image-preview:large","max-video-preview":"max-video-preview:-1"},"canonical":"https:\/\/abbabrasil.org.br\/en\/comunicado-sobre-adequacao-a-lei-geral-de-protecao-de-dados-pessoais-lgpd\/","og_locale":"en_US","og_type":"article","og_title":"COMUNICADO SOBRE ADEQUA\u00c7\u00c3O \u00c0 LEI GERAL DE PROTE\u00c7\u00c3O DE DADOS PESSOAIS (LGPD) | ABBA Brasil","og_description":"Leia o comunicado da ABBA Brasil sobre a adequa\u00e7\u00e3o \u00e0 Lei Geral de Prote\u00e7\u00e3o de Dados Pessoais (LGPD) e fique informado.","og_url":"https:\/\/abbabrasil.org.br\/en\/comunicado-sobre-adequacao-a-lei-geral-de-protecao-de-dados-pessoais-lgpd\/","og_site_name":"ABBA Brasil","article_publisher":"https:\/\/www.facebook.com\/AssociacaoBrasileiraBeneficenteAslan","article_modified_time":"2024-07-18T16:05:35+00:00","og_image":[{"width":1280,"height":675,"url":"https:\/\/abbabrasil.org.br\/wp-content\/uploads\/2024\/12\/imagem-do-site.webp","type":"image\/webp"}],"twitter_card":"summary_large_image","twitter_misc":{"Est. reading time":"2 minutes"},"schema":{"@context":"https:\/\/schema.org","@graph":[{"@type":"WebPage","@id":"https:\/\/abbabrasil.org.br\/en\/comunicado-sobre-adequacao-a-lei-geral-de-protecao-de-dados-pessoais-lgpd\/","url":"https:\/\/abbabrasil.org.br\/en\/comunicado-sobre-adequacao-a-lei-geral-de-protecao-de-dados-pessoais-lgpd\/","name":"COMUNICADO SOBRE ADEQUA\u00c7\u00c3O \u00c0 LEI GERAL DE PROTE\u00c7\u00c3O DE DADOS PESSOAIS (LGPD) | ABBA Brasil","isPartOf":{"@id":"https:\/\/abbabrasil.org.br\/en\/#website"},"datePublished":"2023-12-29T15:10:33+00:00","dateModified":"2024-07-18T16:05:35+00:00","description":"Leia o comunicado da ABBA Brasil sobre a adequa\u00e7\u00e3o \u00e0 Lei Geral de Prote\u00e7\u00e3o de Dados Pessoais (LGPD) e fique informado.","breadcrumb":{"@id":"https:\/\/abbabrasil.org.br\/en\/comunicado-sobre-adequacao-a-lei-geral-de-protecao-de-dados-pessoais-lgpd\/#breadcrumb"},"inLanguage":"en-US","potentialAction":[{"@type":"ReadAction","target":["https:\/\/abbabrasil.org.br\/en\/comunicado-sobre-adequacao-a-lei-geral-de-protecao-de-dados-pessoais-lgpd\/"]}]},{"@type":"BreadcrumbList","@id":"https:\/\/abbabrasil.org.br\/en\/comunicado-sobre-adequacao-a-lei-geral-de-protecao-de-dados-pessoais-lgpd\/#breadcrumb","itemListElement":[{"@type":"ListItem","position":1,"name":"In\u00edcio","item":"https:\/\/abbabrasil.org.br\/"},{"@type":"ListItem","position":2,"name":"COMUNICADO SOBRE ADEQUA\u00c7\u00c3O \u00c0 LEI GERAL DE PROTE\u00c7\u00c3O DE DADOS PESSOAIS (LGPD)"}]},{"@type":"WebSite","@id":"https:\/\/abbabrasil.org.br\/en\/#website","url":"https:\/\/abbabrasil.org.br\/en\/","name":"Abba Brasil","description":"Servindo crian\u00e7as, adolescentes e jovens","publisher":{"@id":"https:\/\/abbabrasil.org.br\/en\/#organization"},"alternateName":"Abba","potentialAction":[{"@type":"SearchAction","target":{"@type":"EntryPoint","urlTemplate":"https:\/\/abbabrasil.org.br\/en\/?s={search_term_string}"},"query-input":{"@type":"PropertyValueSpecification","valueRequired":true,"valueName":"search_term_string"}}],"inLanguage":"en-US"},{"@type":"Organization","@id":"https:\/\/abbabrasil.org.br\/en\/#organization","name":"Abba","alternateName":"Abba","url":"https:\/\/abbabrasil.org.br\/en\/","logo":{"@type":"ImageObject","inLanguage":"en-US","@id":"https:\/\/abbabrasil.org.br\/en\/#\/schema\/logo\/image\/","url":"https:\/\/abbabrasil.org.br\/wp-content\/uploads\/2023\/11\/cropped-favicon-abba.webp","contentUrl":"https:\/\/abbabrasil.org.br\/wp-content\/uploads\/2023\/11\/cropped-favicon-abba.webp","width":512,"height":512,"caption":"Abba"},"image":{"@id":"https:\/\/abbabrasil.org.br\/en\/#\/schema\/logo\/image\/"},"sameAs":["https:\/\/www.facebook.com\/AssociacaoBrasileiraBeneficenteAslan","https:\/\/www.instagram.com\/abba.brasil\/"]}]}},"_links":{"self":[{"href":"https:\/\/abbabrasil.org.br\/en\/wp-json\/wp\/v2\/pages\/2044","targetHints":{"allow":["GET"]}}],"collection":[{"href":"https:\/\/abbabrasil.org.br\/en\/wp-json\/wp\/v2\/pages"}],"about":[{"href":"https:\/\/abbabrasil.org.br\/en\/wp-json\/wp\/v2\/types\/page"}],"author":[{"embeddable":true,"href":"https:\/\/abbabrasil.org.br\/en\/wp-json\/wp\/v2\/users\/1"}],"replies":[{"embeddable":true,"href":"https:\/\/abbabrasil.org.br\/en\/wp-json\/wp\/v2\/comments?post=2044"}],"version-history":[{"count":0,"href":"https:\/\/abbabrasil.org.br\/en\/wp-json\/wp\/v2\/pages\/2044\/revisions"}],"wp:attachment":[{"href":"https:\/\/abbabrasil.org.br\/en\/wp-json\/wp\/v2\/media?parent=2044"}],"curies":[{"name":"wp","href":"https:\/\/api.w.org\/{rel}","templated":true}]}}