{"id":2029,"date":"2023-12-29T10:51:19","date_gmt":"2023-12-29T13:51:19","guid":{"rendered":"https:\/\/abbabrasil.org.br\/?page_id=2029"},"modified":"2024-07-18T13:03:21","modified_gmt":"2024-07-18T16:03:21","slug":"canal-de-comunicacao-com-os-titulares","status":"publish","type":"page","link":"https:\/\/abbabrasil.org.br\/en\/canal-de-comunicacao-com-os-titulares\/","title":{"rendered":"Canal de Comunica\u00e7\u00e3o com os Titulares"},"content":{"rendered":"<h1 class=\"wp-block-heading\"><strong><u>Canal de Comunica\u00e7\u00e3o dos titulares de dados pessoais com a ABBA<\/u><\/strong><\/h1>\r\n\r\n\r\n\r\n<p>A Lei Geral de Prote\u00e7\u00e3o de Dados Pessoais (Lei n\u00ba 13.709\/2018), tamb\u00e9m conhecida como LGPD, \u00e9 a lei respons\u00e1vel pela regula\u00e7\u00e3o das atividades de tratamento de dados no Brasil.<\/p>\r\n\r\n\r\n\r\n<p>Inspirada pelo Regulamento Geral sobre Prote\u00e7\u00e3o de Dados europeu (GDPR), a LGPD surgiu em meio a uma tend\u00eancia mundial e diante da necessidade de regular o uso de dados pessoais por indiv\u00edduos e empresas em suas atividades comerciais di\u00e1rias.<\/p>\r\n\r\n\r\n\r\n<p>Com o fim de encontrar a conformidade com a Lei e trazer informa\u00e7\u00f5es a todos os titulares de dados, a <strong>ABBA <\/strong>criou este espa\u00e7o para que voc\u00ea, titular de dados pessoais, possa tirar suas d\u00favidas sobre como seus dados s\u00e3o tratados.<\/p>\r\n\r\n\r\n\r\n<p>Aqui voc\u00ea pode exercer seus direitos enquanto titular de dados, solicitando informa\u00e7\u00f5es ou requerendo o que entender pertinente \u00e0 prote\u00e7\u00e3o dos seus dados pessoais. Fique \u00e0 vontade e n\u00e3o deixe de nos questionar.<\/p>\r\n\r\n\r\n\r\n<p>Os dados ser\u00e3o armazenados somente pelo tempo necess\u00e1rio ao atendimento da sua demanda. Em caso de d\u00favidas acerca do tratamento dos dados, os contatos poder\u00e3o ser feitos diretamente ao Encarregado de Prote\u00e7\u00e3o de Dados da <strong>ABBA<\/strong>, o Sr. Mauric\u00e9lio Silva Ferreira, atrav\u00e9s do e-mail: <a href=\"mailto:dpo@abbabrasil.org.br\">dpo@abbabrasil.org.br<\/a>, ou atrav\u00e9s do preenchimento do formul\u00e1rio abaixo:<\/p>\r\n\r\n\r\n<div class=\"forminator-ui forminator-custom-form forminator-custom-form-2033 forminator-design--default  forminator_ajax\" data-forminator-render=\"0\" data-form=\"forminator-module-2033\" data-uid=\"69e02abc85b86\"><br\/><\/div><form\n\t\t\t\tid=\"forminator-module-2033\"\n\t\t\t\tclass=\"forminator-ui forminator-custom-form forminator-custom-form-2033 forminator-design--default  forminator_ajax\"\n\t\t\t\tmethod=\"post\"\n\t\t\t\tdata-forminator-render=\"0\"\n\t\t\t\tdata-form-id=\"2033\"\n\t\t\t\tenctype=\"multipart\/form-data\" data-color-option=\"default\" data-design=\"default\" data-grid=\"open\" style=\"display: none;\"\n\t\t\t\tdata-uid=\"69e02abc85b86\" action=\"\"\n\t\t\t><div role=\"alert\" aria-live=\"polite\" class=\"forminator-response-message forminator-error\" aria-hidden=\"true\"><\/div><div class=\"forminator-row\"><div id=\"name-1\" class=\"forminator-field-name forminator-col forminator-col-6\"><div class=\"forminator-field\"><input type=\"text\" name=\"name-1\" value=\"\" placeholder=\"Name\" id=\"forminator-field-name-1_69e02abc85b86\" class=\"forminator-input forminator-name--field\" aria-required=\"true\" autocomplete=\"name\" \/><\/div><\/div><div id=\"email-1\" class=\"forminator-field-email forminator-col forminator-col-6\"><div class=\"forminator-field\"><input type=\"email\" name=\"email-1\" value=\"\" placeholder=\"E-mail\" id=\"forminator-field-email-1_69e02abc85b86\" class=\"forminator-input forminator-email--field\" data-required=\"1\" aria-required=\"true\" autocomplete=\"email\" \/><\/div><\/div><\/div><div class=\"forminator-row\"><div id=\"phone-1\" class=\"forminator-field-phone forminator-col forminator-col-6\"><div class=\"forminator-field\"><input type=\"text\" name=\"phone-1\" value=\"\" placeholder=\"Phone\" id=\"forminator-field-phone-1_69e02abc85b86\" class=\"forminator-input forminator-field--phone\" data-required=\"1\" aria-required=\"true\" autocomplete=\"off\" \/><\/div><\/div><div id=\"select-1\" class=\"forminator-field-select forminator-col forminator-col-6\"><div class=\"forminator-field\"><select  id=\"forminator-form-2033__field--select-1_69e02abc85b86\" class=\"forminator-select--field forminator-select2 forminator-select2-multiple\" data-required=\"\" name=\"select-1\" data-default-value=\"\" data-hidden-behavior=\"zero\" data-placeholder=\"-- Direitos do Titular --\" data-search=\"false\" data-search-placeholder=\"-- Direitos do Titular --\" data-checkbox=\"false\" data-allow-clear=\"false\" aria-labelledby=\"forminator-form-2033__field--select-1_69e02abc85b86-label\"><option value=\"\"  >-- Direitos do Titular --<\/option><option value=\"Acesso\"  data-calculation=\"0\">Acesso<\/option><option value=\"Retifica\u00e7\u00e3o\"  data-calculation=\"0\">Retifica\u00e7\u00e3o<\/option><option value=\"Oposi\u00e7\u00e3o\"  data-calculation=\"0\">Oposi\u00e7\u00e3o<\/option><option value=\"Cancelamento\"  data-calculation=\"0\">Cancelamento<\/option><option value=\"Explica\u00e7\u00e3o\"  data-calculation=\"0\">Explica\u00e7\u00e3o<\/option><option value=\"Portabilidade\"  data-calculation=\"0\">Portabilidade<\/option><option value=\"Revis\u00e3o de Decis\u00f5es Automatizadas\"  data-calculation=\"0\">Revis\u00e3o de Decis\u00f5es Automatizadas<\/option><\/select><\/div><\/div><\/div><div class=\"forminator-row\"><div id=\"upload-1\" class=\"forminator-field-upload forminator-col forminator-col-12\"><div class=\"forminator-field\"><label for=\"forminator-field-upload-1_69e02abc85b86\" id=\"forminator-field-upload-1_69e02abc85b86-label\" class=\"forminator-label\">Foto do documento pessoal <span class=\"forminator-required\">*<\/span><\/label><div class=\"forminator-file-upload\" data-element=\"upload-1_69e02abc85b86\"><input type=\"file\" name=\"upload-1\" id=\"forminator-field-upload-1_69e02abc85b86\" class=\"forminator-input-file-required do-validate\" accept=\".jpg,.jpeg,.jpe,.gif,.png,.bmp,.tiff,.tif,.webp,.ico,.heic,.asf,.asx,.wmv,.wmx,.wm,.avi,.divx,.flv,.mov,.qt,.mpeg,.mpg,.mpe,.mp4,.m4v,.ogv,.webm,.mkv,.3gp,.3gpp,.3g2,.3gp2,.txt,.asc,.c,.cc,.h,.srt,.csv,.tsv,.ics,.rtx,.vtt,.mp3,.m4a,.m4b,.aac,.ra,.ram,.wav,.ogg,.oga,.flac,.mid,.midi,.wma,.wax,.mka,.rtf,.pdf,.class,.tar,.zip,.gz,.gzip,.7z,.psd,.xcf,.doc,.pot,.pps,.ppt,.wri,.xla,.xls,.xlt,.xlw,.mdb,.mpp,.docx,.docm,.dotx,.dotm,.xlsx,.xlsm,.xlsb,.xltx,.xltm,.xlam,.pptx,.pptm,.ppsx,.ppsm,.potx,.potm,.ppam,.sldx,.sldm,.onetoc,.onetoc2,.onetmp,.onepkg,.oxps,.xps,.odt,.odp,.ods,.odg,.odc,.odb,.odf,.wp,.wpd,.key,.numbers,.pages\" tabindex=\"-1\"><button id=\"forminator-field-upload-1_69e02abc85b86_button\" class=\"forminator-button forminator-button-upload\" data-id=\"forminator-field-upload-1_69e02abc85b86\">Choose File<\/button><span data-empty-text=\"No file chosen\">No file chosen<\/span><button class=\"forminator-button-delete\" style=\"display: none;\"><i class=\"forminator-icon-close\" aria-hidden=\"true\"><\/i><span class=\"forminator-screen-reader-only\">Delete uploaded file<\/span><\/button><\/div><\/div><\/div><\/div><div class=\"forminator-row\"><div id=\"textarea-1\" class=\"forminator-field-textarea forminator-col forminator-col-12\"><div class=\"forminator-field\"><textarea name=\"textarea-1\" placeholder=\"Digite sua mensagem\" id=\"forminator-field-textarea-1_69e02abc85b86\" class=\"forminator-textarea\" rows=\"6\" style=\"min-height:250px;\" ><\/textarea><\/div><\/div><\/div><input type=\"hidden\" name=\"referer_url\" value=\"\" \/><div class=\"forminator-row forminator-row-last\"><div class=\"forminator-col\"><div class=\"forminator-field\"><button class=\"forminator-button forminator-button-submit\">Send<\/button><\/div><\/div><\/div><input type=\"hidden\" id=\"forminator_nonce\" name=\"forminator_nonce\" value=\"5c11e7fac5\" \/><input type=\"hidden\" name=\"_wp_http_referer\" value=\"\/en\/wp-json\/wp\/v2\/pages\/2029\" \/><input type=\"hidden\" name=\"form_id\" value=\"2033\"><input type=\"hidden\" name=\"page_id\" value=\"2029\"><input type=\"hidden\" name=\"form_type\" value=\"default\"><input type=\"hidden\" name=\"current_url\" value=\"https:\/\/abbabrasil.org.br\/en\/canal-de-comunicacao-com-os-titulares\/\"><input type=\"hidden\" name=\"render_id\" value=\"0\"><input type=\"hidden\" name=\"action\" value=\"forminator_submit_form_custom-forms\"><label for=\"input_7\" class=\"forminator-hidden\" aria-hidden=\"true\">Please do not fill in this field. <input id=\"input_7\" type=\"text\" name=\"input_7\" value=\"\" autocomplete=\"off\"><\/label><input type=\"hidden\" name=\"trp-form-language\" value=\"en\"\/><\/form>","protected":false},"excerpt":{"rendered":"<p>Canal de Comunica\u00e7\u00e3o dos titulares de dados pessoais com a ABBA A Lei Geral de Prote\u00e7\u00e3o de Dados Pessoais (Lei [&hellip;]<\/p>\n","protected":false},"author":1,"featured_media":0,"parent":0,"menu_order":0,"comment_status":"closed","ping_status":"closed","template":"","meta":{"_acf_changed":false,"footnotes":""},"class_list":["post-2029","page","type-page","status-publish","hentry"],"acf":[],"yoast_head":"<!-- This site is optimized with the Yoast SEO plugin v27.3 - https:\/\/yoast.com\/product\/yoast-seo-wordpress\/ -->\n<title>Canal de Comunica\u00e7\u00e3o com os Titulares | ABBA Brasil<\/title>\n<meta name=\"description\" content=\"Saiba como a ABBA Brasil mant\u00e9m a transpar\u00eancia e a comunica\u00e7\u00e3o aberta com todos os seus benefici\u00e1rios.\" \/>\n<meta name=\"robots\" content=\"index, follow, max-snippet:-1, max-image-preview:large, max-video-preview:-1\" \/>\n<link rel=\"canonical\" href=\"https:\/\/abbabrasil.org.br\/en\/canal-de-comunicacao-com-os-titulares\/\" \/>\n<meta property=\"og:locale\" content=\"en_US\" \/>\n<meta property=\"og:type\" content=\"article\" \/>\n<meta property=\"og:title\" content=\"Canal de Comunica\u00e7\u00e3o com os Titulares | ABBA Brasil\" \/>\n<meta property=\"og:description\" content=\"Saiba como a ABBA Brasil mant\u00e9m a transpar\u00eancia e a comunica\u00e7\u00e3o aberta com todos os seus benefici\u00e1rios.\" \/>\n<meta property=\"og:url\" content=\"https:\/\/abbabrasil.org.br\/en\/canal-de-comunicacao-com-os-titulares\/\" \/>\n<meta property=\"og:site_name\" content=\"ABBA Brasil\" \/>\n<meta property=\"article:publisher\" content=\"https:\/\/www.facebook.com\/AssociacaoBrasileiraBeneficenteAslan\" \/>\n<meta property=\"article:modified_time\" content=\"2024-07-18T16:03:21+00:00\" \/>\n<meta property=\"og:image\" content=\"https:\/\/abbabrasil.org.br\/wp-content\/uploads\/2024\/12\/imagem-do-site.webp\" \/>\n\t<meta property=\"og:image:width\" content=\"1280\" \/>\n\t<meta property=\"og:image:height\" content=\"675\" \/>\n\t<meta property=\"og:image:type\" content=\"image\/webp\" \/>\n<meta name=\"twitter:card\" content=\"summary_large_image\" \/>\n<meta name=\"twitter:label1\" content=\"Est. reading time\" \/>\n\t<meta name=\"twitter:data1\" content=\"2 minutes\" \/>\n<script type=\"application\/ld+json\" class=\"yoast-schema-graph\">{\"@context\":\"https:\\\/\\\/schema.org\",\"@graph\":[{\"@type\":\"WebPage\",\"@id\":\"https:\\\/\\\/abbabrasil.org.br\\\/en\\\/canal-de-comunicacao-com-os-titulares\\\/\",\"url\":\"https:\\\/\\\/abbabrasil.org.br\\\/en\\\/canal-de-comunicacao-com-os-titulares\\\/\",\"name\":\"Canal de Comunica\u00e7\u00e3o com os Titulares | ABBA Brasil\",\"isPartOf\":{\"@id\":\"https:\\\/\\\/abbabrasil.org.br\\\/en\\\/#website\"},\"datePublished\":\"2023-12-29T13:51:19+00:00\",\"dateModified\":\"2024-07-18T16:03:21+00:00\",\"description\":\"Saiba como a ABBA Brasil mant\u00e9m a transpar\u00eancia e a comunica\u00e7\u00e3o aberta com todos os seus benefici\u00e1rios.\",\"breadcrumb\":{\"@id\":\"https:\\\/\\\/abbabrasil.org.br\\\/en\\\/canal-de-comunicacao-com-os-titulares\\\/#breadcrumb\"},\"inLanguage\":\"en-US\",\"potentialAction\":[{\"@type\":\"ReadAction\",\"target\":[\"https:\\\/\\\/abbabrasil.org.br\\\/en\\\/canal-de-comunicacao-com-os-titulares\\\/\"]}]},{\"@type\":\"BreadcrumbList\",\"@id\":\"https:\\\/\\\/abbabrasil.org.br\\\/en\\\/canal-de-comunicacao-com-os-titulares\\\/#breadcrumb\",\"itemListElement\":[{\"@type\":\"ListItem\",\"position\":1,\"name\":\"In\u00edcio\",\"item\":\"https:\\\/\\\/abbabrasil.org.br\\\/\"},{\"@type\":\"ListItem\",\"position\":2,\"name\":\"Canal de Comunica\u00e7\u00e3o com os Titulares\"}]},{\"@type\":\"WebSite\",\"@id\":\"https:\\\/\\\/abbabrasil.org.br\\\/en\\\/#website\",\"url\":\"https:\\\/\\\/abbabrasil.org.br\\\/en\\\/\",\"name\":\"Abba Brasil\",\"description\":\"Servindo crian\u00e7as, adolescentes e jovens\",\"publisher\":{\"@id\":\"https:\\\/\\\/abbabrasil.org.br\\\/en\\\/#organization\"},\"alternateName\":\"Abba\",\"potentialAction\":[{\"@type\":\"SearchAction\",\"target\":{\"@type\":\"EntryPoint\",\"urlTemplate\":\"https:\\\/\\\/abbabrasil.org.br\\\/en\\\/?s={search_term_string}\"},\"query-input\":{\"@type\":\"PropertyValueSpecification\",\"valueRequired\":true,\"valueName\":\"search_term_string\"}}],\"inLanguage\":\"en-US\"},{\"@type\":\"Organization\",\"@id\":\"https:\\\/\\\/abbabrasil.org.br\\\/en\\\/#organization\",\"name\":\"Abba\",\"alternateName\":\"Abba\",\"url\":\"https:\\\/\\\/abbabrasil.org.br\\\/en\\\/\",\"logo\":{\"@type\":\"ImageObject\",\"inLanguage\":\"en-US\",\"@id\":\"https:\\\/\\\/abbabrasil.org.br\\\/en\\\/#\\\/schema\\\/logo\\\/image\\\/\",\"url\":\"https:\\\/\\\/abbabrasil.org.br\\\/wp-content\\\/uploads\\\/2023\\\/11\\\/cropped-favicon-abba.webp\",\"contentUrl\":\"https:\\\/\\\/abbabrasil.org.br\\\/wp-content\\\/uploads\\\/2023\\\/11\\\/cropped-favicon-abba.webp\",\"width\":512,\"height\":512,\"caption\":\"Abba\"},\"image\":{\"@id\":\"https:\\\/\\\/abbabrasil.org.br\\\/en\\\/#\\\/schema\\\/logo\\\/image\\\/\"},\"sameAs\":[\"https:\\\/\\\/www.facebook.com\\\/AssociacaoBrasileiraBeneficenteAslan\",\"https:\\\/\\\/www.instagram.com\\\/abba.brasil\\\/\"]}]}<\/script>\n<!-- \/ Yoast SEO plugin. -->","yoast_head_json":{"title":"Canal de Comunica\u00e7\u00e3o com os Titulares | ABBA Brasil","description":"Saiba como a ABBA Brasil mant\u00e9m a transpar\u00eancia e a comunica\u00e7\u00e3o aberta com todos os seus benefici\u00e1rios.","robots":{"index":"index","follow":"follow","max-snippet":"max-snippet:-1","max-image-preview":"max-image-preview:large","max-video-preview":"max-video-preview:-1"},"canonical":"https:\/\/abbabrasil.org.br\/en\/canal-de-comunicacao-com-os-titulares\/","og_locale":"en_US","og_type":"article","og_title":"Canal de Comunica\u00e7\u00e3o com os Titulares | ABBA Brasil","og_description":"Saiba como a ABBA Brasil mant\u00e9m a transpar\u00eancia e a comunica\u00e7\u00e3o aberta com todos os seus benefici\u00e1rios.","og_url":"https:\/\/abbabrasil.org.br\/en\/canal-de-comunicacao-com-os-titulares\/","og_site_name":"ABBA Brasil","article_publisher":"https:\/\/www.facebook.com\/AssociacaoBrasileiraBeneficenteAslan","article_modified_time":"2024-07-18T16:03:21+00:00","og_image":[{"width":1280,"height":675,"url":"https:\/\/abbabrasil.org.br\/wp-content\/uploads\/2024\/12\/imagem-do-site.webp","type":"image\/webp"}],"twitter_card":"summary_large_image","twitter_misc":{"Est. reading time":"2 minutes"},"schema":{"@context":"https:\/\/schema.org","@graph":[{"@type":"WebPage","@id":"https:\/\/abbabrasil.org.br\/en\/canal-de-comunicacao-com-os-titulares\/","url":"https:\/\/abbabrasil.org.br\/en\/canal-de-comunicacao-com-os-titulares\/","name":"Canal de Comunica\u00e7\u00e3o com os Titulares | ABBA Brasil","isPartOf":{"@id":"https:\/\/abbabrasil.org.br\/en\/#website"},"datePublished":"2023-12-29T13:51:19+00:00","dateModified":"2024-07-18T16:03:21+00:00","description":"Saiba como a ABBA Brasil mant\u00e9m a transpar\u00eancia e a comunica\u00e7\u00e3o aberta com todos os seus benefici\u00e1rios.","breadcrumb":{"@id":"https:\/\/abbabrasil.org.br\/en\/canal-de-comunicacao-com-os-titulares\/#breadcrumb"},"inLanguage":"en-US","potentialAction":[{"@type":"ReadAction","target":["https:\/\/abbabrasil.org.br\/en\/canal-de-comunicacao-com-os-titulares\/"]}]},{"@type":"BreadcrumbList","@id":"https:\/\/abbabrasil.org.br\/en\/canal-de-comunicacao-com-os-titulares\/#breadcrumb","itemListElement":[{"@type":"ListItem","position":1,"name":"In\u00edcio","item":"https:\/\/abbabrasil.org.br\/"},{"@type":"ListItem","position":2,"name":"Canal de Comunica\u00e7\u00e3o com os Titulares"}]},{"@type":"WebSite","@id":"https:\/\/abbabrasil.org.br\/en\/#website","url":"https:\/\/abbabrasil.org.br\/en\/","name":"Abba Brasil","description":"Servindo crian\u00e7as, adolescentes e jovens","publisher":{"@id":"https:\/\/abbabrasil.org.br\/en\/#organization"},"alternateName":"Abba","potentialAction":[{"@type":"SearchAction","target":{"@type":"EntryPoint","urlTemplate":"https:\/\/abbabrasil.org.br\/en\/?s={search_term_string}"},"query-input":{"@type":"PropertyValueSpecification","valueRequired":true,"valueName":"search_term_string"}}],"inLanguage":"en-US"},{"@type":"Organization","@id":"https:\/\/abbabrasil.org.br\/en\/#organization","name":"Abba","alternateName":"Abba","url":"https:\/\/abbabrasil.org.br\/en\/","logo":{"@type":"ImageObject","inLanguage":"en-US","@id":"https:\/\/abbabrasil.org.br\/en\/#\/schema\/logo\/image\/","url":"https:\/\/abbabrasil.org.br\/wp-content\/uploads\/2023\/11\/cropped-favicon-abba.webp","contentUrl":"https:\/\/abbabrasil.org.br\/wp-content\/uploads\/2023\/11\/cropped-favicon-abba.webp","width":512,"height":512,"caption":"Abba"},"image":{"@id":"https:\/\/abbabrasil.org.br\/en\/#\/schema\/logo\/image\/"},"sameAs":["https:\/\/www.facebook.com\/AssociacaoBrasileiraBeneficenteAslan","https:\/\/www.instagram.com\/abba.brasil\/"]}]}},"_links":{"self":[{"href":"https:\/\/abbabrasil.org.br\/en\/wp-json\/wp\/v2\/pages\/2029","targetHints":{"allow":["GET"]}}],"collection":[{"href":"https:\/\/abbabrasil.org.br\/en\/wp-json\/wp\/v2\/pages"}],"about":[{"href":"https:\/\/abbabrasil.org.br\/en\/wp-json\/wp\/v2\/types\/page"}],"author":[{"embeddable":true,"href":"https:\/\/abbabrasil.org.br\/en\/wp-json\/wp\/v2\/users\/1"}],"replies":[{"embeddable":true,"href":"https:\/\/abbabrasil.org.br\/en\/wp-json\/wp\/v2\/comments?post=2029"}],"version-history":[{"count":0,"href":"https:\/\/abbabrasil.org.br\/en\/wp-json\/wp\/v2\/pages\/2029\/revisions"}],"wp:attachment":[{"href":"https:\/\/abbabrasil.org.br\/en\/wp-json\/wp\/v2\/media?parent=2029"}],"curies":[{"name":"wp","href":"https:\/\/api.w.org\/{rel}","templated":true}]}}